{"id":113,"date":"2016-09-12T16:09:32","date_gmt":"2016-09-12T14:09:32","guid":{"rendered":"https:\/\/www.ipscloudsystem.com\/?page_id=113"},"modified":"2020-06-26T15:45:25","modified_gmt":"2020-06-26T13:45:25","slug":"chi-siamo-azienda","status":"publish","type":"page","link":"https:\/\/www.ipscloudsystem.com\/it\/chi-siamo-azienda\/","title":{"rendered":"Chi siamo, azienda"},"content":{"rendered":"\n<style type=\"text\/css\" data-created_by=\"avia_inline_auto\" id=\"style-css-av-2zx7dd-b3907b503979abfb26e63a69d079741b\">\n.avia-section.av-2zx7dd-b3907b503979abfb26e63a69d079741b{\nbackground-repeat:no-repeat;\nbackground-image:url(https:\/\/www.ipscloudsystem.com\/wp-content\/uploads\/2016\/09\/cie-italia-automazione-industriale-impianti-elettrici.jpg);\nbackground-position:50% 50%;\nbackground-attachment:scroll;\n}\n.avia-section.av-2zx7dd-b3907b503979abfb26e63a69d079741b .av-section-color-overlay{\nopacity:0.2;\nbackground-color:#005aa0;\n}\n.avia-section.av-2zx7dd-b3907b503979abfb26e63a69d079741b .av-extra-border-element .av-extra-border-inner{\nbackground-color:#005ba0;\n}\n<\/style>\n<div id='av_section_1'  class='avia-section av-2zx7dd-b3907b503979abfb26e63a69d079741b main_color avia-section-default avia-no-shadow  avia-builder-el-0  el_before_av_section  avia-builder-el-first  avia-full-stretch avia-bg-style-scroll av-section-color-overlay-active av-minimum-height av-minimum-height-custom av-height-custom  container_wrap sidebar_right'  data-section-bg-repeat='stretch' data-av_minimum_height_px='600'><div class=\"av-section-color-overlay-wrap\"><div class=\"av-section-color-overlay\"><\/div><div class='container av-section-cont-open' style='height:600px'><main  role=\"main\" itemprop=\"mainContentOfPage\"  class='template-page content  av-content-small alpha units'><div class='post-entry post-entry-type-page post-entry-113'><div class='entry-content-wrapper clearfix'>\n\n<style type=\"text\/css\" data-created_by=\"avia_inline_auto\" id=\"style-css-av-kbt4xi97-20c6e2bd9e6ffbcd7f40b34145b445ec\">\n#top .av-special-heading.av-kbt4xi97-20c6e2bd9e6ffbcd7f40b34145b445ec{\npadding-bottom:10px;\ncolor:#ffffff;\nfont-size:50px;\n}\nbody .av-special-heading.av-kbt4xi97-20c6e2bd9e6ffbcd7f40b34145b445ec .av-special-heading-tag .heading-char{\nfont-size:25px;\n}\n#top #wrap_all .av-special-heading.av-kbt4xi97-20c6e2bd9e6ffbcd7f40b34145b445ec .av-special-heading-tag{\nfont-size:50px;\n}\n.av-special-heading.av-kbt4xi97-20c6e2bd9e6ffbcd7f40b34145b445ec .special-heading-inner-border{\nborder-color:#ffffff;\n}\n.av-special-heading.av-kbt4xi97-20c6e2bd9e6ffbcd7f40b34145b445ec .av-subheading{\nfont-size:30px;\n}\n\n@media only screen and (min-width: 480px) and (max-width: 767px){ \n#top #wrap_all .av-special-heading.av-kbt4xi97-20c6e2bd9e6ffbcd7f40b34145b445ec .av-special-heading-tag{\nfont-size:0.8em;\n}\n}\n\n@media only screen and (max-width: 479px){ \n#top #wrap_all .av-special-heading.av-kbt4xi97-20c6e2bd9e6ffbcd7f40b34145b445ec .av-special-heading-tag{\nfont-size:0.8em;\n}\n}\n<\/style>\n<div  class='av-special-heading av-kbt4xi97-20c6e2bd9e6ffbcd7f40b34145b445ec av-special-heading-h1 custom-color-heading blockquote modern-quote modern-centered  avia-builder-el-1  el_before_av_hr  avia-builder-el-first  av-inherit-size'><h1 class='av-special-heading-tag '  itemprop=\"headline\"  >Azienda<\/h1><div class='av_custom_color av-subheading av-subheading_below'><p>dal 1975<br \/>\nDall&#8217;Automazione Industriale fino alla Smart Factory<\/p>\n<\/div><div class=\"special-heading-border\"><div class=\"special-heading-inner-border\"><\/div><\/div><\/div>\n\n<style type=\"text\/css\" data-created_by=\"avia_inline_auto\" id=\"style-css-av-2ogv8h-8cb72738ace73fe9befd4c1e5c235911\">\n#top .hr.hr-invisible.av-2ogv8h-8cb72738ace73fe9befd4c1e5c235911{\nheight:70px;\n}\n<\/style>\n<div  class='hr av-2ogv8h-8cb72738ace73fe9befd4c1e5c235911 hr-invisible  avia-builder-el-2  el_after_av_heading  avia-builder-el-last '><span class='hr-inner '><span class=\"hr-inner-style\"><\/span><\/span><\/div>\n\n<\/div><\/div><\/main><!-- close content main element --><\/div><div class='av-extra-border-element border-extra-diagonal  diagonal-box-shadow'><div class='av-extra-border-outer'><div class='av-extra-border-inner'><\/div><\/div><\/div><\/div><\/div>\n<style type=\"text\/css\" data-created_by=\"avia_inline_auto\" id=\"style-css-av-2kl1a9-0172884459a749d1362ed92c1b9123e7\">\n.avia-section.av-2kl1a9-0172884459a749d1362ed92c1b9123e7{\nbackground-color:#005ba0;\nbackground-image:unset;\n}\n<\/style>\n<div id='av_section_2'  class='avia-section av-2kl1a9-0172884459a749d1362ed92c1b9123e7 main_color avia-section-default avia-no-border-styling  avia-builder-el-3  el_after_av_section  el_before_av_section  avia-bg-style-scroll container_wrap sidebar_right'  ><div class='container av-section-cont-open' ><div class='template-page content  av-content-small alpha units'><div class='post-entry post-entry-type-page post-entry-113'><div class='entry-content-wrapper clearfix'>\n<div class='flex_column_table av-8ll5d-9fda3677a1b6a83efa7e8174debe2025 sc-av_one_third av-equal-height-column-flextable'>\n<style type=\"text\/css\" data-created_by=\"avia_inline_auto\" id=\"style-css-av-8ll5d-9fda3677a1b6a83efa7e8174debe2025\">\n#top .flex_column_table.av-equal-height-column-flextable.av-8ll5d-9fda3677a1b6a83efa7e8174debe2025{\nmargin-top:-250px;\nmargin-bottom:0px;\n}\n.flex_column.av-8ll5d-9fda3677a1b6a83efa7e8174debe2025{\nborder-radius:0px 0px 0px 0px;\npadding:0px 0px 0px 0px;\n}\n<\/style>\n<div  class='flex_column av-8ll5d-9fda3677a1b6a83efa7e8174debe2025 av_one_third  avia-builder-el-4  el_before_av_two_third  avia-builder-el-first  first flex_column_table_cell av-equal-height-column av-align-bottom av-zero-column-padding  '     ><style type=\"text\/css\" data-created_by=\"avia_inline_auto\" id=\"style-css-av-27jmd5-bc30896cea231baf48e8e28d627df86e\">\n.avia-image-container.av-27jmd5-bc30896cea231baf48e8e28d627df86e img.avia_image{\nbox-shadow:none;\n}\n.avia-image-container.av-27jmd5-bc30896cea231baf48e8e28d627df86e .av-image-caption-overlay-center{\ncolor:#ffffff;\n}\n<\/style>\n<div  class='avia-image-container av-27jmd5-bc30896cea231baf48e8e28d627df86e av-styling- avia-align-center  avia-builder-el-5  avia-builder-el-no-sibling '   itemprop=\"image\" itemscope=\"itemscope\" itemtype=\"https:\/\/schema.org\/ImageObject\" ><div class=\"avia-image-container-inner\"><div class=\"avia-image-overlay-wrap\"><img decoding=\"async\" fetchpriority=\"high\" class='wp-image-612 avia-img-lazy-loading-not-612 avia_image ' src=\"https:\/\/www.ipscloudsystem.com\/wp-content\/uploads\/2016\/09\/download-cie-italia-1.png\" alt='cie italia' title='cie italia'  height=\"873\" width=\"572\"  itemprop=\"thumbnailUrl\" srcset=\"https:\/\/www.ipscloudsystem.com\/wp-content\/uploads\/2016\/09\/download-cie-italia-1.png 572w, https:\/\/www.ipscloudsystem.com\/wp-content\/uploads\/2016\/09\/download-cie-italia-1-197x300.png 197w, https:\/\/www.ipscloudsystem.com\/wp-content\/uploads\/2016\/09\/download-cie-italia-1-462x705.png 462w, https:\/\/www.ipscloudsystem.com\/wp-content\/uploads\/2016\/09\/download-cie-italia-1-450x687.png 450w\" sizes=\"(max-width: 572px) 100vw, 572px\" \/><\/div><\/div><\/div><\/div><div class='av-flex-placeholder'><\/div>\n<style type=\"text\/css\" data-created_by=\"avia_inline_auto\" id=\"style-css-av-256uo1-afad69f8bafaf922dd9d6be76781cfd9\">\n#top .flex_column_table.av-equal-height-column-flextable.av-256uo1-afad69f8bafaf922dd9d6be76781cfd9{\nmargin-top:-250px;\nmargin-bottom:0px;\n}\n.flex_column.av-256uo1-afad69f8bafaf922dd9d6be76781cfd9{\nborder-radius:0px 0px 0px 0px;\npadding:0px 0px 0px 0px;\n}\n<\/style>\n<div  class='flex_column av-256uo1-afad69f8bafaf922dd9d6be76781cfd9 av_two_third  avia-builder-el-6  el_after_av_one_third  avia-builder-el-last  flex_column_table_cell av-equal-height-column av-align-bottom av-zero-column-padding  '     ><p>\n<style type=\"text\/css\" data-created_by=\"avia_inline_auto\" id=\"style-css-av-kbuc2aqj-dc99d271acc93c66abb3fffc5600b442\">\n#top .av-special-heading.av-kbuc2aqj-dc99d271acc93c66abb3fffc5600b442{\npadding-bottom:10px;\ncolor:#ffffff;\n}\nbody .av-special-heading.av-kbuc2aqj-dc99d271acc93c66abb3fffc5600b442 .av-special-heading-tag .heading-char{\nfont-size:25px;\n}\n.av-special-heading.av-kbuc2aqj-dc99d271acc93c66abb3fffc5600b442 .special-heading-inner-border{\nborder-color:#ffffff;\n}\n.av-special-heading.av-kbuc2aqj-dc99d271acc93c66abb3fffc5600b442 .av-subheading{\nfont-size:15px;\n}\n<\/style>\n<div  class='av-special-heading av-kbuc2aqj-dc99d271acc93c66abb3fffc5600b442 av-special-heading-h2 custom-color-heading blockquote modern-quote  avia-builder-el-7  el_before_av_hr  avia-builder-el-first '><h2 class='av-special-heading-tag '  itemprop=\"headline\"  >Un servizio completo per rendere l\u2019industria smart<\/h2><div class=\"special-heading-border\"><div class=\"special-heading-inner-border\"><\/div><\/div><\/div><br \/>\n\n<style type=\"text\/css\" data-created_by=\"avia_inline_auto\" id=\"style-css-av-1t9ch5-7426df0f73519c407b28e0b0b6e1e683\">\n#top .hr.av-1t9ch5-7426df0f73519c407b28e0b0b6e1e683{\nmargin-top:00px;\nmargin-bottom:10px;\n}\n.hr.av-1t9ch5-7426df0f73519c407b28e0b0b6e1e683 .hr-inner{\nwidth:50px;\nborder-color:#ffffff;\nmax-width:45%;\n}\n.hr.av-1t9ch5-7426df0f73519c407b28e0b0b6e1e683 .av-seperator-icon{\ncolor:#ffffff;\n}\n.hr.av-1t9ch5-7426df0f73519c407b28e0b0b6e1e683 .av-seperator-icon.avia-svg-icon svg:first-child{\nfill:#ffffff;\nstroke:#ffffff;\n}\n<\/style>\n<div  class='hr av-1t9ch5-7426df0f73519c407b28e0b0b6e1e683 hr-custom  avia-builder-el-8  el_after_av_heading  el_before_av_textblock  hr-left hr-icon-yes'><span class='hr-inner inner-border-av-border-thin'><span class=\"hr-inner-style\"><\/span><\/span><span class='av-seperator-icon avia-iconfont avia-font-entypo-fontello' data-av_icon='\ue8b2' data-av_iconfont='entypo-fontello' ><\/span><span class='hr-inner inner-border-av-border-thin'><span class=\"hr-inner-style\"><\/span><\/span><\/div><br \/>\n\n<style type=\"text\/css\" data-created_by=\"avia_inline_auto\" id=\"style-css-av-1ljgm9-304f14e05d3cb3dcd338cf60eb404db9\">\n#top .av_textblock_section.av-1ljgm9-304f14e05d3cb3dcd338cf60eb404db9 .avia_textblock{\ncolor:#ffffff;\n}\n<\/style>\n<section  class='av_textblock_section av-1ljgm9-304f14e05d3cb3dcd338cf60eb404db9 '   itemscope=\"itemscope\" itemtype=\"https:\/\/schema.org\/CreativeWork\" ><div class='avia_textblock av_inherit_color'  itemprop=\"text\" ><p>Operiamo nel settore dell&#8217;automazione industriale dal 1975. La nostra costante spinta verso l&#8217;innovazione ci ha portati a sviluppare il sistema IPS Cloud, con lo scopo di portare l&#8217;industria e gli impianti nell&#8217;era digitale. Il nostro obiettivo \u00e8 quello di fornire un servizio a 360 gradi per rendere la gestione della produzione o di un impianto pi\u00f9 semplice ed efficace.<\/p>\n<p>IPS Cloud \u00e8 un sistema che permette di controllare tutto ci\u00f2 che avviene sul campo ovunque siamo. Vogliamo guidare le persone che gestiscono gli ambiti operativi con dati e informazioni reali, garantendo loro una visione pi\u00f9 profonda e corretta di ci\u00f2 che sta avvenendo.<\/p>\n<\/div><\/section><br \/>\n\n<style type=\"text\/css\" data-created_by=\"avia_inline_auto\" id=\"style-css-av-1ea57l-c67492a3c9e7e240ec2e72be7794b0c8\">\n#top .hr.hr-invisible.av-1ea57l-c67492a3c9e7e240ec2e72be7794b0c8{\nheight:25px;\n}\n<\/style>\n<div  class='hr av-1ea57l-c67492a3c9e7e240ec2e72be7794b0c8 hr-invisible  avia-builder-el-10  el_after_av_textblock  avia-builder-el-last '><span class='hr-inner '><span class=\"hr-inner-style\"><\/span><\/span><\/div><\/p><\/div><\/div><!--close column table wrapper. Autoclose: 1 -->\n\n<\/div><\/div><\/div><!-- close content main div --><\/div><\/div>\n<style type=\"text\/css\" data-created_by=\"avia_inline_auto\" id=\"style-css-av-1737g9-50d5b2911b2137ecdd67486e031e7a07\">\n.avia-section.av-1737g9-50d5b2911b2137ecdd67486e031e7a07{\nbackground-repeat:no-repeat;\nbackground-image:url(https:\/\/www.ipscloudsystem.com\/wp-content\/uploads\/2016\/09\/cie-italia-ips-cloud-automazione-industriale-1.png);\nbackground-position:100% 50%;\nbackground-attachment:scroll;\n}\n.avia-section.av-1737g9-50d5b2911b2137ecdd67486e031e7a07 .av-section-color-overlay{\nopacity:0.5;\nbackground-color:#f4f4f4;\n}\n<\/style>\n<div id='av_section_3'  class='avia-section av-1737g9-50d5b2911b2137ecdd67486e031e7a07 alternate_color avia-section-default avia-no-shadow  avia-builder-el-11  el_after_av_section  avia-builder-el-last  avia-bg-style-scroll av-section-color-overlay-active container_wrap sidebar_right'  data-section-bg-repeat='no-repeat'><div class=\"av-section-color-overlay-wrap\"><div class=\"av-section-color-overlay\"><\/div><div class='container av-section-cont-open' ><div class='template-page content  av-content-small alpha units'><div class='post-entry post-entry-type-page post-entry-113'><div class='entry-content-wrapper clearfix'>\n<div class='flex_column_table av-12nba1-fb1381eb2ceb9af046df45e2af415903 sc-av_three_fifth av-equal-height-column-flextable'>\n<style type=\"text\/css\" data-created_by=\"avia_inline_auto\" id=\"style-css-av-12nba1-fb1381eb2ceb9af046df45e2af415903\">\n.flex_column.av-12nba1-fb1381eb2ceb9af046df45e2af415903{\nborder-radius:0px 0px 0px 0px;\npadding:0px 0px 0px 0px;\n}\n<\/style>\n<div  class='flex_column av-12nba1-fb1381eb2ceb9af046df45e2af415903 av_three_fifth  avia-builder-el-12  el_before_av_two_fifth  avia-builder-el-first  first flex_column_table_cell av-equal-height-column av-align-middle av-zero-column-padding  '     ><p>\n<style type=\"text\/css\" data-created_by=\"avia_inline_auto\" id=\"style-css-av-av_heading-7bdbe017ef9555954b75ad70642d8c31\">\n#top .av-special-heading.av-av_heading-7bdbe017ef9555954b75ad70642d8c31{\npadding-bottom:10px;\n}\nbody .av-special-heading.av-av_heading-7bdbe017ef9555954b75ad70642d8c31 .av-special-heading-tag .heading-char{\nfont-size:25px;\n}\n.av-special-heading.av-av_heading-7bdbe017ef9555954b75ad70642d8c31 .av-subheading{\nfont-size:15px;\n}\n<\/style>\n<div  class='av-special-heading av-av_heading-7bdbe017ef9555954b75ad70642d8c31 av-special-heading-h2 blockquote modern-quote  avia-builder-el-13  el_before_av_hr  avia-builder-el-first '><h2 class='av-special-heading-tag '  itemprop=\"headline\"  >Insieme fino ai risultati<\/h2><div class=\"special-heading-border\"><div class=\"special-heading-inner-border\"><\/div><\/div><\/div><br \/>\n\n<style type=\"text\/css\" data-created_by=\"avia_inline_auto\" id=\"style-css-av-td7i1-65c0c7a72b6d17cc72d2c22c42d67f92\">\n#top .hr.av-td7i1-65c0c7a72b6d17cc72d2c22c42d67f92{\nmargin-top:00px;\nmargin-bottom:10px;\n}\n.hr.av-td7i1-65c0c7a72b6d17cc72d2c22c42d67f92 .hr-inner{\nwidth:50px;\nborder-color:#005aa0;\n}\n<\/style>\n<div  class='hr av-td7i1-65c0c7a72b6d17cc72d2c22c42d67f92 hr-custom  avia-builder-el-14  el_after_av_heading  el_before_av_textblock  hr-left hr-icon-no'><span class='hr-inner inner-border-av-border-thin'><span class=\"hr-inner-style\"><\/span><\/span><\/div><br \/>\n<section  class='av_textblock_section av-lbsip-07d801bc0c47d4d6e398beb9112cc431 '   itemscope=\"itemscope\" itemtype=\"https:\/\/schema.org\/CreativeWork\" ><div class='avia_textblock'  itemprop=\"text\" ><blockquote>\n<p>Oltre a far diventare il vostro lavoro pi\u00f9 semplice, il nostro scopo \u00e8 quello di rendere le aziende pi\u00f9 efficienti, con <strong>concrete riduzioni di costi<\/strong>. Vi diamo un servizio che vi supporta fino al raggiungimento del risultato, aiutandovi a prendere le decisioni migliori e a scegliere i metodi pi\u00f9 efficaci per arrivare all&#8217;obiettivo in tempi brevi.<\/p>\n<p>I nostri esperti in ambito industriale saranno al vostro fianco per aiutarvi a portare il cambiamento in azienda, superando insieme qualunque difficolt\u00e0 si possa presentare. Allo stesso modo i nostri tecnici informatici e di automazione troveranno le soluzioni specifiche pi\u00f9 adatte per massimizzare i risultati.<\/p>\n<\/blockquote>\n<\/div><\/section><\/p><\/div><div class='av-flex-placeholder'><\/div>\n<style type=\"text\/css\" data-created_by=\"avia_inline_auto\" id=\"style-css-av-cjlsx-5c94ceb0ffc16a245202477f81864741\">\n.flex_column.av-cjlsx-5c94ceb0ffc16a245202477f81864741{\nborder-radius:0px 0px 0px 0px;\npadding:0px 0px 0px 0px;\n}\n<\/style>\n<div  class='flex_column av-cjlsx-5c94ceb0ffc16a245202477f81864741 av_two_fifth  avia-builder-el-16  el_after_av_three_fifth  avia-builder-el-last  flex_column_table_cell av-equal-height-column av-align-middle av-zero-column-padding  '     ><style type=\"text\/css\" data-created_by=\"avia_inline_auto\" id=\"style-css-av-70qup-fd458470cb7ee4879c91dac8548e072f\">\n.avia-image-container.av-70qup-fd458470cb7ee4879c91dac8548e072f img.avia_image{\nbox-shadow:none;\n}\n.avia-image-container.av-70qup-fd458470cb7ee4879c91dac8548e072f .av-image-caption-overlay-center{\ncolor:#ffffff;\n}\n<\/style>\n<div  class='avia-image-container av-70qup-fd458470cb7ee4879c91dac8548e072f av-styling- avia-align-center  avia-builder-el-17  avia-builder-el-no-sibling '   itemprop=\"image\" itemscope=\"itemscope\" itemtype=\"https:\/\/schema.org\/ImageObject\" ><div class=\"avia-image-container-inner\"><div class=\"avia-image-overlay-wrap\"><img decoding=\"async\" fetchpriority=\"high\" class='wp-image-843 avia-img-lazy-loading-not-843 avia_image ' src=\"https:\/\/www.ipscloudsystem.com\/wp-content\/uploads\/2016\/09\/Azienda.jpg\" alt='azienda' title='azienda'  height=\"528\" width=\"985\"  itemprop=\"thumbnailUrl\" srcset=\"https:\/\/www.ipscloudsystem.com\/wp-content\/uploads\/2016\/09\/Azienda.jpg 985w, https:\/\/www.ipscloudsystem.com\/wp-content\/uploads\/2016\/09\/Azienda-300x161.jpg 300w, https:\/\/www.ipscloudsystem.com\/wp-content\/uploads\/2016\/09\/Azienda-768x412.jpg 768w, https:\/\/www.ipscloudsystem.com\/wp-content\/uploads\/2016\/09\/Azienda-705x378.jpg 705w, https:\/\/www.ipscloudsystem.com\/wp-content\/uploads\/2016\/09\/Azienda-450x241.jpg 450w\" sizes=\"(max-width: 985px) 100vw, 985px\" \/><\/div><\/div><\/div><\/div><\/div><!--close column table wrapper. Autoclose: 1 --><\/div><\/div><\/div><!-- close content main div --><\/div><\/div><\/div><div id='after_section_3'  class='main_color av_default_container_wrap container_wrap sidebar_right'  ><div class='container av-section-cont-open' ><div class='template-page content  av-content-small alpha units'><div class='post-entry post-entry-type-page post-entry-113'><div class='entry-content-wrapper clearfix'>\n","protected":false},"excerpt":{"rendered":"","protected":false},"author":1,"featured_media":0,"parent":0,"menu_order":0,"comment_status":"closed","ping_status":"closed","template":"","meta":{"footnotes":""},"class_list":["post-113","page","type-page","status-publish","hentry"],"yoast_head":"<!-- This site is optimized with the Yoast SEO plugin v26.1.1 - https:\/\/yoast.com\/wordpress\/plugins\/seo\/ -->\n<title>IPS Cloud, Chi siamo, azienda - Rendi la tua fabbrica e il tuo impianto digitali<\/title>\n<meta name=\"description\" content=\"IPS Cloud \u00e8 un sistema innovativo per IoT, Supervisione e Controllo da Remoto, Acquisizione e Analisi dei Big Data, Efficienza in Produzione e Manutenzione\" \/>\n<meta name=\"robots\" content=\"index, follow, max-snippet:-1, max-image-preview:large, max-video-preview:-1\" \/>\n<link rel=\"canonical\" href=\"https:\/\/www.ipscloudsystem.com\/it\/chi-siamo-azienda\/\" \/>\n<meta property=\"og:locale\" content=\"it_IT\" \/>\n<meta property=\"og:type\" content=\"article\" \/>\n<meta property=\"og:title\" content=\"IPS Cloud, Chi siamo, azienda - Rendi la tua fabbrica e il tuo impianto digitali\" \/>\n<meta property=\"og:description\" content=\"IPS Cloud \u00e8 un sistema innovativo per IoT, Supervisione e Controllo da Remoto, Acquisizione e Analisi dei Big Data, Efficienza in Produzione e Manutenzione\" \/>\n<meta property=\"og:url\" content=\"https:\/\/www.ipscloudsystem.com\/it\/chi-siamo-azienda\/\" \/>\n<meta property=\"og:site_name\" content=\"IPS Cloud\" \/>\n<meta property=\"article:modified_time\" content=\"2020-06-26T13:45:25+00:00\" \/>\n<meta name=\"twitter:card\" content=\"summary_large_image\" \/>\n<meta name=\"twitter:label1\" content=\"Tempo di lettura stimato\" \/>\n\t<meta name=\"twitter:data1\" content=\"7 minuti\" \/>\n<script type=\"application\/ld+json\" class=\"yoast-schema-graph\">{\"@context\":\"https:\/\/schema.org\",\"@graph\":[{\"@type\":\"WebPage\",\"@id\":\"https:\/\/www.ipscloudsystem.com\/it\/chi-siamo-azienda\/\",\"url\":\"https:\/\/www.ipscloudsystem.com\/it\/chi-siamo-azienda\/\",\"name\":\"IPS Cloud, Chi siamo, azienda - Rendi la tua fabbrica e il tuo impianto digitali\",\"isPartOf\":{\"@id\":\"https:\/\/www.ipscloudsystem.com\/#website\"},\"datePublished\":\"2016-09-12T14:09:32+00:00\",\"dateModified\":\"2020-06-26T13:45:25+00:00\",\"description\":\"IPS Cloud \u00e8 un sistema innovativo per IoT, Supervisione e Controllo da Remoto, Acquisizione e Analisi dei Big Data, Efficienza in Produzione e Manutenzione\",\"breadcrumb\":{\"@id\":\"https:\/\/www.ipscloudsystem.com\/it\/chi-siamo-azienda\/#breadcrumb\"},\"inLanguage\":\"it-IT\",\"potentialAction\":[{\"@type\":\"ReadAction\",\"target\":[\"https:\/\/www.ipscloudsystem.com\/it\/chi-siamo-azienda\/\"]}]},{\"@type\":\"BreadcrumbList\",\"@id\":\"https:\/\/www.ipscloudsystem.com\/it\/chi-siamo-azienda\/#breadcrumb\",\"itemListElement\":[{\"@type\":\"ListItem\",\"position\":1,\"name\":\"Home\",\"item\":\"https:\/\/www.ipscloudsystem.com\/it\/\"},{\"@type\":\"ListItem\",\"position\":2,\"name\":\"Chi siamo, azienda\"}]},{\"@type\":\"WebSite\",\"@id\":\"https:\/\/www.ipscloudsystem.com\/#website\",\"url\":\"https:\/\/www.ipscloudsystem.com\/\",\"name\":\"IPS Cloud\",\"description\":\"Industria Digitale e Supervisione da Remoto\",\"potentialAction\":[{\"@type\":\"SearchAction\",\"target\":{\"@type\":\"EntryPoint\",\"urlTemplate\":\"https:\/\/www.ipscloudsystem.com\/?s={search_term_string}\"},\"query-input\":{\"@type\":\"PropertyValueSpecification\",\"valueRequired\":true,\"valueName\":\"search_term_string\"}}],\"inLanguage\":\"it-IT\"}]}<\/script>\n<!-- \/ Yoast SEO plugin. -->","yoast_head_json":{"title":"IPS Cloud, Chi siamo, azienda - Rendi la tua fabbrica e il tuo impianto digitali","description":"IPS Cloud \u00e8 un sistema innovativo per IoT, Supervisione e Controllo da Remoto, Acquisizione e Analisi dei Big Data, Efficienza in Produzione e Manutenzione","robots":{"index":"index","follow":"follow","max-snippet":"max-snippet:-1","max-image-preview":"max-image-preview:large","max-video-preview":"max-video-preview:-1"},"canonical":"https:\/\/www.ipscloudsystem.com\/it\/chi-siamo-azienda\/","og_locale":"it_IT","og_type":"article","og_title":"IPS Cloud, Chi siamo, azienda - Rendi la tua fabbrica e il tuo impianto digitali","og_description":"IPS Cloud \u00e8 un sistema innovativo per IoT, Supervisione e Controllo da Remoto, Acquisizione e Analisi dei Big Data, Efficienza in Produzione e Manutenzione","og_url":"https:\/\/www.ipscloudsystem.com\/it\/chi-siamo-azienda\/","og_site_name":"IPS Cloud","article_modified_time":"2020-06-26T13:45:25+00:00","twitter_card":"summary_large_image","twitter_misc":{"Tempo di lettura stimato":"7 minuti"},"schema":{"@context":"https:\/\/schema.org","@graph":[{"@type":"WebPage","@id":"https:\/\/www.ipscloudsystem.com\/it\/chi-siamo-azienda\/","url":"https:\/\/www.ipscloudsystem.com\/it\/chi-siamo-azienda\/","name":"IPS Cloud, Chi siamo, azienda - Rendi la tua fabbrica e il tuo impianto digitali","isPartOf":{"@id":"https:\/\/www.ipscloudsystem.com\/#website"},"datePublished":"2016-09-12T14:09:32+00:00","dateModified":"2020-06-26T13:45:25+00:00","description":"IPS Cloud \u00e8 un sistema innovativo per IoT, Supervisione e Controllo da Remoto, Acquisizione e Analisi dei Big Data, Efficienza in Produzione e Manutenzione","breadcrumb":{"@id":"https:\/\/www.ipscloudsystem.com\/it\/chi-siamo-azienda\/#breadcrumb"},"inLanguage":"it-IT","potentialAction":[{"@type":"ReadAction","target":["https:\/\/www.ipscloudsystem.com\/it\/chi-siamo-azienda\/"]}]},{"@type":"BreadcrumbList","@id":"https:\/\/www.ipscloudsystem.com\/it\/chi-siamo-azienda\/#breadcrumb","itemListElement":[{"@type":"ListItem","position":1,"name":"Home","item":"https:\/\/www.ipscloudsystem.com\/it\/"},{"@type":"ListItem","position":2,"name":"Chi siamo, azienda"}]},{"@type":"WebSite","@id":"https:\/\/www.ipscloudsystem.com\/#website","url":"https:\/\/www.ipscloudsystem.com\/","name":"IPS Cloud","description":"Industria Digitale e Supervisione da Remoto","potentialAction":[{"@type":"SearchAction","target":{"@type":"EntryPoint","urlTemplate":"https:\/\/www.ipscloudsystem.com\/?s={search_term_string}"},"query-input":{"@type":"PropertyValueSpecification","valueRequired":true,"valueName":"search_term_string"}}],"inLanguage":"it-IT"}]}},"_links":{"self":[{"href":"https:\/\/www.ipscloudsystem.com\/it\/wp-json\/wp\/v2\/pages\/113","targetHints":{"allow":["GET"]}}],"collection":[{"href":"https:\/\/www.ipscloudsystem.com\/it\/wp-json\/wp\/v2\/pages"}],"about":[{"href":"https:\/\/www.ipscloudsystem.com\/it\/wp-json\/wp\/v2\/types\/page"}],"author":[{"embeddable":true,"href":"https:\/\/www.ipscloudsystem.com\/it\/wp-json\/wp\/v2\/users\/1"}],"replies":[{"embeddable":true,"href":"https:\/\/www.ipscloudsystem.com\/it\/wp-json\/wp\/v2\/comments?post=113"}],"version-history":[{"count":80,"href":"https:\/\/www.ipscloudsystem.com\/it\/wp-json\/wp\/v2\/pages\/113\/revisions"}],"predecessor-version":[{"id":2171,"href":"https:\/\/www.ipscloudsystem.com\/it\/wp-json\/wp\/v2\/pages\/113\/revisions\/2171"}],"wp:attachment":[{"href":"https:\/\/www.ipscloudsystem.com\/it\/wp-json\/wp\/v2\/media?parent=113"}],"curies":[{"name":"wp","href":"https:\/\/api.w.org\/{rel}","templated":true}]}}